{"id":20,"date":"2017-10-11T09:15:30","date_gmt":"2017-10-11T07:15:30","guid":{"rendered":"http:\/\/www.ekosleza.pl\/?page_id=20"},"modified":"2018-05-15T10:16:20","modified_gmt":"2018-05-15T08:16:20","slug":"kontakt","status":"publish","type":"page","link":"http:\/\/www.ekosleza.pl\/?page_id=20","title":{"rendered":"Kontakt"},"content":{"rendered":"<h5><a href=\"http:\/\/www.ekosleza.pl\/wp-content\/uploads\/2017\/10\/Logo-OK.jpg\"><img loading=\"lazy\" decoding=\"async\" class=\"alignnone size-medium wp-image-34\" src=\"http:\/\/www.ekosleza.pl\/wp-content\/uploads\/2017\/10\/Logo-OK-300x133.jpg\" alt=\"\" width=\"300\" height=\"133\" srcset=\"http:\/\/www.ekosleza.pl\/wp-content\/uploads\/2017\/10\/Logo-OK-300x133.jpg 300w, http:\/\/www.ekosleza.pl\/wp-content\/uploads\/2017\/10\/Logo-OK-768x340.jpg 768w, http:\/\/www.ekosleza.pl\/wp-content\/uploads\/2017\/10\/Logo-OK-1024x453.jpg 1024w\" sizes=\"auto, (max-width: 300px) 100vw, 300px\" \/><\/a><\/h5>\n<h5>EKO \u015aL\u0118\u017bA Sp. z .o.o.<\/h5>\n<h5>ul. Warszawska 4<br \/>\n55-050 Sob\u00f3tka<br \/>\nNIP: 896-156-47-42<br \/>\nREGON: 367 342 414<br \/>\ne-mail: <a class=\"moz-txt-link-abbreviated\" href=\"mailto:biuro@ekosleza.pl\">biuro@ekosleza.pl<\/a><br \/>\ntel. 71 333 55 61<\/h5>\n<p>Formularz kontaktowy:<\/p>\n<p>[contact-form-7 id=&#8221;60&#8243; title=&#8221;Formularz 1&#8243;]<\/p>\n<p>&nbsp;<iframe loading=\"lazy\" src=\"https:\/\/www.google.com\/maps\/embed?pb=!1m18!1m12!1m3!1d2516.3674105980817!2d16.746837950978726!3d50.898417462766126!2m3!1f0!2f0!3f0!3m2!1i1024!2i768!4f13.1!3m3!1m2!1s0x470fc9f8e8a25e75%3A0xde49f013d47ef091!2sWarszawska+4%2C+Sob%C3%B3tka!5e0!3m2!1spl!2spl!4v1526372013122\" width=\"800\" height=\"600\" frameborder=\"0\" style=\"border:0\" allowfullscreen><\/iframe><\/p>\n","protected":false},"excerpt":{"rendered":"<p>EKO \u015aL\u0118\u017bA Sp. z .o.o. ul. Warszawska 4 55-050 Sob\u00f3tka NIP: 896-156-47-42 REGON: 367 342 414 e-mail: biuro@ekosleza.pl tel. 71 333 55 61 Formularz kontaktowy: [contact-form-7 id=&#8221;60&#8243; title=&#8221;Formularz 1&#8243;] &nbsp;<\/p>\n","protected":false},"author":1,"featured_media":0,"parent":0,"menu_order":0,"comment_status":"closed","ping_status":"closed","template":"","meta":{"footnotes":""},"class_list":["post-20","page","type-page","status-publish","hentry"],"_links":{"self":[{"href":"http:\/\/www.ekosleza.pl\/index.php?rest_route=\/wp\/v2\/pages\/20","targetHints":{"allow":["GET"]}}],"collection":[{"href":"http:\/\/www.ekosleza.pl\/index.php?rest_route=\/wp\/v2\/pages"}],"about":[{"href":"http:\/\/www.ekosleza.pl\/index.php?rest_route=\/wp\/v2\/types\/page"}],"author":[{"embeddable":true,"href":"http:\/\/www.ekosleza.pl\/index.php?rest_route=\/wp\/v2\/users\/1"}],"replies":[{"embeddable":true,"href":"http:\/\/www.ekosleza.pl\/index.php?rest_route=%2Fwp%2Fv2%2Fcomments&post=20"}],"version-history":[{"count":6,"href":"http:\/\/www.ekosleza.pl\/index.php?rest_route=\/wp\/v2\/pages\/20\/revisions"}],"predecessor-version":[{"id":103,"href":"http:\/\/www.ekosleza.pl\/index.php?rest_route=\/wp\/v2\/pages\/20\/revisions\/103"}],"wp:attachment":[{"href":"http:\/\/www.ekosleza.pl\/index.php?rest_route=%2Fwp%2Fv2%2Fmedia&parent=20"}],"curies":[{"name":"wp","href":"https:\/\/api.w.org\/{rel}","templated":true}]}}