{"id":2,"date":"2017-10-11T09:04:01","date_gmt":"2017-10-11T07:04:01","guid":{"rendered":"http:\/\/www.ekosleza.pl\/?page_id=2"},"modified":"2017-12-29T09:38:45","modified_gmt":"2017-12-29T07:38:45","slug":"about","status":"publish","type":"page","link":"http:\/\/www.ekosleza.pl\/","title":{"rendered":"Oferta"},"content":{"rendered":"<h4><a href=\"http:\/\/www.ekosleza.pl\/wp-content\/uploads\/2017\/10\/Logo-OK.jpg\"><img loading=\"lazy\" decoding=\"async\" class=\"size-medium wp-image-34 aligncenter\" src=\"http:\/\/www.ekosleza.pl\/wp-content\/uploads\/2017\/10\/Logo-OK-300x133.jpg\" alt=\"\" width=\"300\" height=\"133\" srcset=\"http:\/\/www.ekosleza.pl\/wp-content\/uploads\/2017\/10\/Logo-OK-300x133.jpg 300w, http:\/\/www.ekosleza.pl\/wp-content\/uploads\/2017\/10\/Logo-OK-768x340.jpg 768w, http:\/\/www.ekosleza.pl\/wp-content\/uploads\/2017\/10\/Logo-OK-1024x453.jpg 1024w\" sizes=\"auto, (max-width: 300px) 100vw, 300px\" \/><\/a><\/h4>\n<h4>Firma Eko \u015al\u0119\u017ca odbiera odpady komunalne od mieszka\u0144c\u00f3w gmin Jordan\u00f3w \u015al\u0105ski i Kondratowice. Obs\u0142ugujemy r\u00f3wnie\u017c zak\u0142ady pracy na terenie Miasta i Gminy Sob\u00f3tka.<\/h4>\n<p><a href=\"http:\/\/www.ekosleza.pl\/wp-content\/uploads\/2017\/12\/auta.jpg\"><img loading=\"lazy\" decoding=\"async\" class=\"aligncenter wp-image-74 size-large\" src=\"http:\/\/www.ekosleza.pl\/wp-content\/uploads\/2017\/12\/auta-1024x391.jpg\" alt=\"\" width=\"640\" height=\"244\" srcset=\"http:\/\/www.ekosleza.pl\/wp-content\/uploads\/2017\/12\/auta-1024x391.jpg 1024w, http:\/\/www.ekosleza.pl\/wp-content\/uploads\/2017\/12\/auta-300x114.jpg 300w, http:\/\/www.ekosleza.pl\/wp-content\/uploads\/2017\/12\/auta-768x293.jpg 768w\" sizes=\"auto, (max-width: 640px) 100vw, 640px\" \/><\/a><\/p>\n<h4>Firma zajmuje si\u0119 r\u00f3wnie\u017c wywozem kontener\u00f3w typu KP-7, KO-7, KO-5 oraz KO-3,5 od mieszka\u0144c\u00f3w indywidualnych jak i od firm.<\/h4>\n","protected":false},"excerpt":{"rendered":"<p>Firma Eko \u015al\u0119\u017ca odbiera odpady komunalne od mieszka\u0144c\u00f3w gmin Jordan\u00f3w \u015al\u0105ski i Kondratowice. Obs\u0142ugujemy r\u00f3wnie\u017c zak\u0142ady pracy na terenie Miasta i Gminy Sob\u00f3tka. Firma zajmuje si\u0119 r\u00f3wnie\u017c wywozem kontener\u00f3w typu KP-7, KO-7, KO-5 oraz KO-3,5 od mieszka\u0144c\u00f3w indywidualnych jak i od firm.<\/p>\n","protected":false},"author":1,"featured_media":0,"parent":0,"menu_order":0,"comment_status":"closed","ping_status":"closed","template":"","meta":{"footnotes":""},"class_list":["post-2","page","type-page","status-publish","hentry"],"_links":{"self":[{"href":"http:\/\/www.ekosleza.pl\/index.php?rest_route=\/wp\/v2\/pages\/2","targetHints":{"allow":["GET"]}}],"collection":[{"href":"http:\/\/www.ekosleza.pl\/index.php?rest_route=\/wp\/v2\/pages"}],"about":[{"href":"http:\/\/www.ekosleza.pl\/index.php?rest_route=\/wp\/v2\/types\/page"}],"author":[{"embeddable":true,"href":"http:\/\/www.ekosleza.pl\/index.php?rest_route=\/wp\/v2\/users\/1"}],"replies":[{"embeddable":true,"href":"http:\/\/www.ekosleza.pl\/index.php?rest_route=%2Fwp%2Fv2%2Fcomments&post=2"}],"version-history":[{"count":6,"href":"http:\/\/www.ekosleza.pl\/index.php?rest_route=\/wp\/v2\/pages\/2\/revisions"}],"predecessor-version":[{"id":93,"href":"http:\/\/www.ekosleza.pl\/index.php?rest_route=\/wp\/v2\/pages\/2\/revisions\/93"}],"wp:attachment":[{"href":"http:\/\/www.ekosleza.pl\/index.php?rest_route=%2Fwp%2Fv2%2Fmedia&parent=2"}],"curies":[{"name":"wp","href":"https:\/\/api.w.org\/{rel}","templated":true}]}}